{"id":13,"date":"2019-02-23T04:36:04","date_gmt":"2019-02-23T03:36:04","guid":{"rendered":"http:\/\/demosoledad.pencidesign.com\/soledad-dance-school-multipurpose\/?page_id=13"},"modified":"2022-11-08T16:35:46","modified_gmt":"2022-11-08T15:35:46","slug":"contact-us","status":"publish","type":"page","link":"https:\/\/corpsetchores.fr\/danse\/contact-us\/","title":{"rendered":"Contact Us"},"content":{"rendered":"\t\t<div data-elementor-type=\"wp-page\" data-elementor-id=\"13\" class=\"elementor elementor-13\" data-elementor-settings=\"[]\">\n\t\t\t<div class=\"elementor-inner\">\n\t\t\t\t<div class=\"elementor-section-wrap\">\n\t\t\t\t\t\t\t<section class=\"penci-section penci-disSticky penci-structure-10 elementor-element elementor-element-1be0935 elementor-section-boxed elementor-section-height-default elementor-section-height-default elementor-section elementor-top-section\" data-id=\"1be0935\" data-element_type=\"section\" data-settings=\"{&quot;background_background&quot;:&quot;classic&quot;}\">\n\t\t\t\t\t\t<div class=\"elementor-container elementor-column-gap-extended\">\n\t\t\t\t<div class=\"elementor-row\">\n\t\t\t\t<div class=\"penci-ercol-100 penci-ercol-order-1 penci-sticky-ct  elementor-element elementor-element-0480118 elementor-column elementor-col-100 elementor-top-column\" data-id=\"0480118\" data-element_type=\"column\">\n\t\t\t<div class=\"theiaStickySidebar elementor-column-wrap  elementor-element-populated\">\n\t\t\t\t\t<div class=\"elementor-widget-wrap\">\n\t\t\t\t<div class=\"elementor-element elementor-element-2e519a6 elementor-widget elementor-widget-penci-fancy_heading\" data-id=\"2e519a6\" data-element_type=\"widget\" data-widget_type=\"penci-fancy_heading.default\">\n\t\t\t\t<div class=\"elementor-widget-container\">\n\t\t\t\t\t<div class=\"penci-fancy-heading penci-heading-text-center\">\r\n\t\t\t<div class=\"penci-fancy-heading-inner\">\r\n\t\t\t\t<div class=\"penci-heading-subtitle\">Corps & Chor\u00e9s<\/div><h2 class=\"penci-heading-title\">Contact<\/h2><div class=\"penci-heading-content entry-content\"><p>Besoin d'un renseignement? En savoir un peu plus?<br \/>\nAppelez-moi, \u00e9crivez-moi directement par mail ou utilisez le formulaire ci-dessous.<\/p>\n<\/div>\t\t\t<\/div>\r\n\t\t<\/div>\r\n\t\t\t\t<\/div>\n\t\t\t\t<\/div>\n\t\t\t\t\t\t<\/div>\n\t\t\t<\/div>\n\t\t<\/div>\n\t\t\t\t\t\t<\/div>\n\t\t\t<\/div>\n\t\t<\/section>\n\t\t\t\t<section class=\"penci-section penci-disSticky penci-structure-20 elementor-element elementor-element-4db4e89 elementor-section-content-middle elementor-section-boxed elementor-section-height-default elementor-section-height-default elementor-section elementor-top-section\" data-id=\"4db4e89\" data-element_type=\"section\">\n\t\t\t\t\t\t<div class=\"elementor-container elementor-column-gap-wider\">\n\t\t\t\t<div class=\"elementor-row\">\n\t\t\t\t<div class=\"penci-ercol-50 penci-ercol-order-1 penci-sticky-ct  elementor-element elementor-element-64be1d0 elementor-column elementor-col-50 elementor-top-column\" data-id=\"64be1d0\" data-element_type=\"column\" data-settings=\"{&quot;background_background&quot;:&quot;classic&quot;}\">\n\t\t\t<div class=\"theiaStickySidebar elementor-column-wrap  elementor-element-populated\">\n\t\t\t\t\t<div class=\"elementor-widget-wrap\">\n\t\t\t\t<div class=\"elementor-element elementor-element-9e2f1fd elementor-widget elementor-widget-penci-info-box\" data-id=\"9e2f1fd\" data-element_type=\"widget\" data-widget_type=\"penci-info-box.default\">\n\t\t\t\t<div class=\"elementor-widget-container\">\n\t\t\t\t\t<div id=\"penci_info_box_26207\" class=\"penci-block-vc penci-info-box penci-ibox-float-right penci-view-stacked penci-shape-circle\">\r\n\t\t\t<div class=\"penci-ibox-inner\">\r\n\t\t\t\t<div class=\"penci-ibox-icon penci-ibox-icon--icon penci-icon \"><span class=\"penci-ibox-icon-fa\"><i class=\"penci-ibox-icon--i fa fa-envelope\" aria-hidden=\"true\"><\/i><\/span><\/div>\t\t\t\t<div class=\"penci-ibox-content\">\r\n\t\t\t\t\t<h3 class=\"penci-ibox-title\">Adresse Email<\/h3>\t\t\t\t\t\t\t\t\t\t<p class=\"penci-ibox-content\"><a href=\"mailto:contact@corpsetchores.fr?subject=Danse - Demande de renseignements&amp;bcc=marc.lebreton@free.fr\">contact@corpsetchores.fr<\/a><\/p>\t\t\t\t<\/div>\r\n\t\t\t<\/div>\r\n\t\t<\/div>\r\n\t\t\t\t<\/div>\n\t\t\t\t<\/div>\n\t\t\t\t<div class=\"elementor-element elementor-element-c630a53 elementor-widget elementor-widget-penci-info-box\" data-id=\"c630a53\" data-element_type=\"widget\" data-widget_type=\"penci-info-box.default\">\n\t\t\t\t<div class=\"elementor-widget-container\">\n\t\t\t\t\t<div id=\"penci_info_box_64089\" class=\"penci-block-vc penci-info-box penci-ibox-float-right penci-view-stacked penci-shape-circle\">\r\n\t\t\t<div class=\"penci-ibox-inner\">\r\n\t\t\t\t<div class=\"penci-ibox-icon penci-ibox-icon--icon penci-icon \"><span class=\"penci-ibox-icon-fa\"><i class=\"penci-ibox-icon--i fa fa-phone\" aria-hidden=\"true\"><\/i><\/span><\/div>\t\t\t\t<div class=\"penci-ibox-content\">\r\n\t\t\t\t\t<h3 class=\"penci-ibox-title\">T\u00e9l\u00e9phone<\/h3>\t\t\t\t\t\t\t\t\t\t<p class=\"penci-ibox-content\">06 98 42 24 00<\/p>\t\t\t\t<\/div>\r\n\t\t\t<\/div>\r\n\t\t<\/div>\r\n\t\t\t\t<\/div>\n\t\t\t\t<\/div>\n\t\t\t\t\t\t<\/div>\n\t\t\t<\/div>\n\t\t<\/div>\n\t\t\t\t<div class=\"penci-ercol-50 penci-ercol-order-2 penci-sticky-ct  elementor-element elementor-element-8c73f09 elementor-column elementor-col-50 elementor-top-column\" data-id=\"8c73f09\" data-element_type=\"column\" data-settings=\"{&quot;background_background&quot;:&quot;classic&quot;}\">\n\t\t\t<div class=\"theiaStickySidebar elementor-column-wrap  elementor-element-populated\">\n\t\t\t\t\t<div class=\"elementor-widget-wrap\">\n\t\t\t\t<div class=\"elementor-element elementor-element-500fbb3 elementor-widget elementor-widget-penci-fancy_heading\" data-id=\"500fbb3\" data-element_type=\"widget\" data-widget_type=\"penci-fancy_heading.default\">\n\t\t\t\t<div class=\"elementor-widget-container\">\n\t\t\t\t\t<div class=\"penci-fancy-heading penci-heading-text-center\">\r\n\t\t\t<div class=\"penci-fancy-heading-inner\">\r\n\t\t\t\t<h2 class=\"penci-heading-title\">Envoyez-moi un message<\/h2><div class=\"penci-heading-content entry-content\"><p>Vous pouvez utiliser le formulaire ci-dessous pour toute demande de renseignements.<\/p>\n<\/div>\t\t\t<\/div>\r\n\t\t<\/div>\r\n\t\t\t\t<\/div>\n\t\t\t\t<\/div>\n\t\t\t\t<div class=\"elementor-element elementor-element-de6d89f elementor-widget elementor-widget-shortcode\" data-id=\"de6d89f\" data-element_type=\"widget\" data-widget_type=\"shortcode.default\">\n\t\t\t\t<div class=\"elementor-widget-container\">\n\t\t\t\t\t<div class=\"elementor-shortcode\"><div role=\"form\" class=\"wpcf7\" id=\"wpcf7-f230-o1\" lang=\"en-US\" dir=\"ltr\">\n<div class=\"screen-reader-response\"><p role=\"status\" aria-live=\"polite\" aria-atomic=\"true\"><\/p> <ul><\/ul><\/div>\n<form action=\"\/danse\/wp-json\/wp\/v2\/pages\/13#wpcf7-f230-o1\" method=\"post\" class=\"wpcf7-form init\" novalidate=\"novalidate\" data-status=\"init\">\n<div style=\"display: none;\">\n<input type=\"hidden\" name=\"_wpcf7\" value=\"230\" \/>\n<input type=\"hidden\" name=\"_wpcf7_version\" value=\"5.3.2\" \/>\n<input type=\"hidden\" name=\"_wpcf7_locale\" value=\"en_US\" \/>\n<input type=\"hidden\" name=\"_wpcf7_unit_tag\" value=\"wpcf7-f230-o1\" \/>\n<input type=\"hidden\" name=\"_wpcf7_container_post\" value=\"0\" \/>\n<input type=\"hidden\" name=\"_wpcf7_posted_data_hash\" value=\"\" \/>\n<input type=\"hidden\" name=\"_wpcf7_recaptcha_response\" value=\"\" \/>\n<\/div>\n<p><span class=\"wpcf7-form-control-wrap your-name\"><input type=\"text\" name=\"your-name\" value=\"\" size=\"40\" class=\"wpcf7-form-control wpcf7-text wpcf7-validates-as-required\" aria-required=\"true\" aria-invalid=\"false\" placeholder=\"Votre Nom et Pr\u00e9nom *\" \/><\/span><br \/>\n<span class=\"wpcf7-form-control-wrap your-email\"><input type=\"email\" name=\"your-email\" value=\"\" size=\"40\" class=\"wpcf7-form-control wpcf7-text wpcf7-email wpcf7-validates-as-required wpcf7-validates-as-email\" aria-required=\"true\" aria-invalid=\"false\" placeholder=\"Votre Email *\" \/><\/span><br \/>\n<span class=\"wpcf7-form-control-wrap tel-291\"><input type=\"tel\" name=\"tel-291\" value=\"\" size=\"40\" class=\"wpcf7-form-control wpcf7-text wpcf7-tel wpcf7-validates-as-tel\" aria-invalid=\"false\" placeholder=\"Votre T\u00e9l\u00e9phone\" \/><\/span><\/p>\n<p class=\"subject\" style=\"width:100%\"><span class=\"wpcf7-form-control-wrap your-subject\"><input type=\"text\" name=\"your-subject\" value=\"\" size=\"40\" class=\"wpcf7-form-control wpcf7-text wpcf7-validates-as-required\" aria-required=\"true\" aria-invalid=\"false\" placeholder=\"Sujet\" \/><\/span><\/p>\n<p class=\"message\"><span class=\"wpcf7-form-control-wrap your-message\"><textarea name=\"your-message\" cols=\"40\" rows=\"10\" class=\"wpcf7-form-control wpcf7-textarea wpcf7-validates-as-required\" aria-required=\"true\" aria-invalid=\"false\" placeholder=\"Votre Message\"><\/textarea><\/span><\/p>\n<p class=\"submit\"><input type=\"submit\" value=\"Soumettre\" class=\"wpcf7-form-control wpcf7-submit\" \/><\/p>\n<style>\n.wpcf7 input[type=\"submit\"]{ color: #fff; background-color:#502505; }\n<\/style>\n<div class=\"wpcf7-response-output\" aria-hidden=\"true\"><\/div><\/form><\/div><\/div>\n\t\t\t\t<\/div>\n\t\t\t\t<\/div>\n\t\t\t\t\t\t<\/div>\n\t\t\t<\/div>\n\t\t<\/div>\n\t\t\t\t\t\t<\/div>\n\t\t\t<\/div>\n\t\t<\/section>\n\t\t\t\t\t\t<\/div>\n\t\t\t<\/div>\n\t\t<\/div>\n\t\t","protected":false},"excerpt":{"rendered":"<p>Corps &#038; Chor\u00e9s Contact Besoin d&rsquo;un renseignement? En savoir un peu plus? Appelez-moi, \u00e9crivez-moi directement par mail ou utilisez le formulaire ci-dessous. Adresse Email contact@corpsetchores.fr T\u00e9l\u00e9phone 06 98 42 24&hellip;<\/p>\n","protected":false},"author":1,"featured_media":0,"parent":0,"menu_order":0,"comment_status":"closed","ping_status":"closed","template":"page-fullwidth.php","meta":[],"_links":{"self":[{"href":"https:\/\/corpsetchores.fr\/danse\/wp-json\/wp\/v2\/pages\/13"}],"collection":[{"href":"https:\/\/corpsetchores.fr\/danse\/wp-json\/wp\/v2\/pages"}],"about":[{"href":"https:\/\/corpsetchores.fr\/danse\/wp-json\/wp\/v2\/types\/page"}],"author":[{"embeddable":true,"href":"https:\/\/corpsetchores.fr\/danse\/wp-json\/wp\/v2\/users\/1"}],"replies":[{"embeddable":true,"href":"https:\/\/corpsetchores.fr\/danse\/wp-json\/wp\/v2\/comments?post=13"}],"version-history":[{"count":17,"href":"https:\/\/corpsetchores.fr\/danse\/wp-json\/wp\/v2\/pages\/13\/revisions"}],"predecessor-version":[{"id":455,"href":"https:\/\/corpsetchores.fr\/danse\/wp-json\/wp\/v2\/pages\/13\/revisions\/455"}],"wp:attachment":[{"href":"https:\/\/corpsetchores.fr\/danse\/wp-json\/wp\/v2\/media?parent=13"}],"curies":[{"name":"wp","href":"https:\/\/api.w.org\/{rel}","templated":true}]}}